{"id":57,"date":"2019-04-07T12:07:45","date_gmt":"2019-04-07T15:07:45","guid":{"rendered":"http:\/\/wftransportes.com.br\/site\/?page_id=57"},"modified":"2024-08-16T10:41:30","modified_gmt":"2024-08-16T13:41:30","slug":"servicos","status":"publish","type":"page","link":"https:\/\/wftransportes.com.br\/site\/servicos\/","title":{"rendered":"Servi\u00e7os"},"content":{"rendered":"\t\t<div data-elementor-type=\"wp-post\" data-elementor-id=\"57\" class=\"elementor elementor-57\" data-elementor-settings=\"[]\">\n\t\t\t\t\t\t<div class=\"elementor-inner\">\n\t\t\t\t\t\t\t<div class=\"elementor-section-wrap\">\n\t\t\t\t\t\t\t<section class=\"elementor-section elementor-top-section elementor-element elementor-element-2f980c3 elementor-section-boxed elementor-section-height-default elementor-section-height-default\" data-id=\"2f980c3\" data-element_type=\"section\">\n\t\t\t\t\t\t<div class=\"elementor-container elementor-column-gap-default\">\n\t\t\t\t\t\t\t<div class=\"elementor-row\">\n\t\t\t\t\t<div class=\"elementor-column elementor-col-100 elementor-top-column elementor-element elementor-element-ace25f1\" data-id=\"ace25f1\" data-element_type=\"column\">\n\t\t\t<div class=\"elementor-column-wrap elementor-element-populated\">\n\t\t\t\t\t\t\t<div class=\"elementor-widget-wrap\">\n\t\t\t\t\t\t<section class=\"elementor-section elementor-inner-section elementor-element elementor-element-0c07d51 elementor-section-boxed elementor-section-height-default elementor-section-height-default\" data-id=\"0c07d51\" data-element_type=\"section\">\n\t\t\t\t\t\t<div class=\"elementor-container elementor-column-gap-default\">\n\t\t\t\t\t\t\t<div class=\"elementor-row\">\n\t\t\t\t\t<div class=\"elementor-column elementor-col-50 elementor-inner-column elementor-element elementor-element-2987281\" data-id=\"2987281\" data-element_type=\"column\">\n\t\t\t<div class=\"elementor-column-wrap elementor-element-populated\">\n\t\t\t\t\t\t\t<div class=\"elementor-widget-wrap\">\n\t\t\t\t\t\t<div class=\"elementor-element elementor-element-e65e3e5 elementor-widget elementor-widget-image\" data-id=\"e65e3e5\" data-element_type=\"widget\" data-widget_type=\"image.default\">\n\t\t\t\t<div class=\"elementor-widget-container\">\n\t\t\t\t\t\t\t\t<div class=\"elementor-image\">\n\t\t\t\t\t\t\t\t\t\t\t\t<img loading=\"lazy\" decoding=\"async\" width=\"200\" height=\"110\" src=\"https:\/\/wftransportes.com.br\/site\/wp-content\/uploads\/2019\/04\/logo.png\" class=\"attachment-large size-large\" alt=\"\" sizes=\"auto, (max-width: 34.9rem) calc(100vw - 2rem), (max-width: 53rem) calc(8 * (100vw \/ 12)), (min-width: 53rem) calc(6 * (100vw \/ 12)), 100vw\" \/>\t\t\t\t\t\t\t\t\t\t\t\t\t\t<\/div>\n\t\t\t\t\t\t<\/div>\n\t\t\t\t<\/div>\n\t\t\t\t\t\t<\/div>\n\t\t\t\t\t<\/div>\n\t\t<\/div>\n\t\t\t\t<div class=\"elementor-column elementor-col-50 elementor-inner-column elementor-element elementor-element-e53a1d8\" data-id=\"e53a1d8\" data-element_type=\"column\">\n\t\t\t<div class=\"elementor-column-wrap elementor-element-populated\">\n\t\t\t\t\t\t\t<div class=\"elementor-widget-wrap\">\n\t\t\t\t\t\t<div class=\"elementor-element elementor-element-10514c3 elementor-align-right elementor-widget elementor-widget-default-navmenu\" data-id=\"10514c3\" data-element_type=\"widget\" data-widget_type=\"default-navmenu.default\">\n\t\t\t\t<div class=\"elementor-widget-container\">\n\t\t\t<div id=\"elementor-header-primary\" class=\"elementor-header\">\t\t\t<button id=\"elementor-menu-toggle\" class=\"elementor-menu-toggle\"><i class=\"fa fa-navicon\"><\/i><\/button>\n\t\t\t<div id=\"elementor-menu\" class=\"elementor-menu\">\n\t\t\t\n\t\t\t\t<nav itemtype=\"http:\/\/schema.org\/SiteNavigationElement\" itemscope=\"itemscope\" id=\"elementor-navigation\" class=\"elementor-navigation\" role=\"navigation\" aria-label=\"Elementor Menu\">\t\t\t\t\n\t\t\t\t<ul id=\"elementor-navmenu\" class=\"elementor-nav-menu\"><li id=\"menu-item-56\" class=\"menu-item menu-item-type-post_type menu-item-object-page menu-item-home menu-item-56\"><a href=\"https:\/\/wftransportes.com.br\/site\/\">Home<\/a><\/li>\n<li id=\"menu-item-64\" class=\"menu-item menu-item-type-post_type menu-item-object-page menu-item-64\"><a href=\"https:\/\/wftransportes.com.br\/site\/a-empresa\/\">A Empresa<\/a><\/li>\n<li id=\"menu-item-65\" class=\"menu-item menu-item-type-post_type menu-item-object-page menu-item-65\"><a href=\"https:\/\/wftransportes.com.br\/site\/servicos\/\">Servi\u00e7os<\/a><\/li>\n<li id=\"menu-item-63\" class=\"menu-item menu-item-type-post_type menu-item-object-page menu-item-63\"><a href=\"https:\/\/wftransportes.com.br\/site\/contato\/\">Contato<\/a><\/li>\n<\/ul>\t\t\n\t\t\t\t\t\t\t\t<\/nav>\n\t\t\t<\/div>\n\t\t<\/div>\n\t\t\t\t<\/div>\n\t\t\t\t<\/div>\n\t\t\t\t\t\t<\/div>\n\t\t\t\t\t<\/div>\n\t\t<\/div>\n\t\t\t\t\t\t\t\t<\/div>\n\t\t\t\t\t<\/div>\n\t\t<\/section>\n\t\t\t\t\t\t<\/div>\n\t\t\t\t\t<\/div>\n\t\t<\/div>\n\t\t\t\t\t\t\t\t<\/div>\n\t\t\t\t\t<\/div>\n\t\t<\/section>\n\t\t\t\t<section class=\"elementor-section elementor-top-section elementor-element elementor-element-33eb74d elementor-section-boxed elementor-section-height-default elementor-section-height-default\" data-id=\"33eb74d\" data-element_type=\"section\">\n\t\t\t\t\t\t<div class=\"elementor-container elementor-column-gap-default\">\n\t\t\t\t\t\t\t<div class=\"elementor-row\">\n\t\t\t\t\t<div class=\"elementor-column elementor-col-100 elementor-top-column elementor-element elementor-element-17c500c\" data-id=\"17c500c\" data-element_type=\"column\">\n\t\t\t<div class=\"elementor-column-wrap elementor-element-populated\">\n\t\t\t\t\t\t\t<div class=\"elementor-widget-wrap\">\n\t\t\t\t\t\t<section class=\"elementor-section elementor-inner-section elementor-element elementor-element-0e0c025 elementor-section-boxed elementor-section-height-default elementor-section-height-default\" data-id=\"0e0c025\" data-element_type=\"section\">\n\t\t\t\t\t\t<div class=\"elementor-container elementor-column-gap-default\">\n\t\t\t\t\t\t\t<div class=\"elementor-row\">\n\t\t\t\t\t<div class=\"elementor-column elementor-col-50 elementor-inner-column elementor-element elementor-element-6383a4b\" data-id=\"6383a4b\" data-element_type=\"column\">\n\t\t\t<div class=\"elementor-column-wrap elementor-element-populated\">\n\t\t\t\t\t\t\t<div class=\"elementor-widget-wrap\">\n\t\t\t\t\t\t<div class=\"elementor-element elementor-element-9fadaef elementor-widget elementor-widget-image\" data-id=\"9fadaef\" data-element_type=\"widget\" data-widget_type=\"image.default\">\n\t\t\t\t<div class=\"elementor-widget-container\">\n\t\t\t\t\t\t\t\t<div class=\"elementor-image\">\n\t\t\t\t\t\t\t\t\t\t\t\t<img loading=\"lazy\" decoding=\"async\" width=\"209\" height=\"207\" src=\"https:\/\/wftransportes.com.br\/site\/wp-content\/uploads\/2019\/04\/qualidade.png\" class=\"attachment-large size-large\" alt=\"\" srcset=\"https:\/\/wftransportes.com.br\/site\/wp-content\/uploads\/2019\/04\/qualidade.png 209w, https:\/\/wftransportes.com.br\/site\/wp-content\/uploads\/2019\/04\/qualidade-150x150.png 150w\" sizes=\"auto, (max-width: 34.9rem) calc(100vw - 2rem), (max-width: 53rem) calc(8 * (100vw \/ 12)), (min-width: 53rem) calc(6 * (100vw \/ 12)), 100vw\" \/>\t\t\t\t\t\t\t\t\t\t\t\t\t\t<\/div>\n\t\t\t\t\t\t<\/div>\n\t\t\t\t<\/div>\n\t\t\t\t\t\t<\/div>\n\t\t\t\t\t<\/div>\n\t\t<\/div>\n\t\t\t\t<div class=\"elementor-column elementor-col-50 elementor-inner-column elementor-element elementor-element-863401d\" data-id=\"863401d\" data-element_type=\"column\">\n\t\t\t<div class=\"elementor-column-wrap elementor-element-populated\">\n\t\t\t\t\t\t\t<div class=\"elementor-widget-wrap\">\n\t\t\t\t\t\t<div class=\"elementor-element elementor-element-1f468ad elementor-widget elementor-widget-text-editor\" data-id=\"1f468ad\" data-element_type=\"widget\" data-widget_type=\"text-editor.default\">\n\t\t\t\t<div class=\"elementor-widget-container\">\n\t\t\t\t\t\t\t\t<div class=\"elementor-text-editor elementor-clearfix\">\n\t\t\t\t<h4>Servi\u00e7os<\/h4><p>A WF Transportes \u00e9 especialista em transportes de ve\u00edculos e m\u00e1quinas pesadas para todo territ\u00f3rio brasileiro.<br \/>Transportamos seu ve\u00edculo com o mais alto padr\u00e3o tecnol\u00f3gico, garantia 100% coberta com seguro especializado.<br \/>Possu\u00edmos P\u00e1tio de armazenagem do ve\u00edculo em translado.<\/p><p>\u00a0<\/p><p>Tudo isso para oferecer a voc\u00ea um servi\u00e7o de qualidade e seguran\u00e7a em transporte de ve\u00edculos!<\/p><p>\u00a0<\/p><p><a href=\"http:\/\/wftransportes.com.br\/site\/contato\">Fa\u00e7a seu or\u00e7amento!<\/a><\/p>\t\t\t\t\t<\/div>\n\t\t\t\t\t\t<\/div>\n\t\t\t\t<\/div>\n\t\t\t\t\t\t<\/div>\n\t\t\t\t\t<\/div>\n\t\t<\/div>\n\t\t\t\t\t\t\t\t<\/div>\n\t\t\t\t\t<\/div>\n\t\t<\/section>\n\t\t\t\t\t\t<\/div>\n\t\t\t\t\t<\/div>\n\t\t<\/div>\n\t\t\t\t\t\t\t\t<\/div>\n\t\t\t\t\t<\/div>\n\t\t<\/section>\n\t\t\t\t<section class=\"elementor-section elementor-top-section elementor-element elementor-element-d4a9039 elementor-section-boxed elementor-section-height-default elementor-section-height-default\" data-id=\"d4a9039\" data-element_type=\"section\">\n\t\t\t\t\t\t<div class=\"elementor-container elementor-column-gap-default\">\n\t\t\t\t\t\t\t<div class=\"elementor-row\">\n\t\t\t\t\t<div class=\"elementor-column elementor-col-100 elementor-top-column elementor-element elementor-element-931d551\" data-id=\"931d551\" data-element_type=\"column\">\n\t\t\t<div class=\"elementor-column-wrap elementor-element-populated\">\n\t\t\t\t\t\t\t<div class=\"elementor-widget-wrap\">\n\t\t\t\t\t\t<div class=\"elementor-element elementor-element-931047a elementor-widget-divider--view-line elementor-widget elementor-widget-divider\" data-id=\"931047a\" data-element_type=\"widget\" data-widget_type=\"divider.default\">\n\t\t\t\t<div class=\"elementor-widget-container\">\n\t\t\t\t\t<div class=\"elementor-divider\">\n\t\t\t<span class=\"elementor-divider-separator\">\n\t\t\t\t\t\t<\/span>\n\t\t<\/div>\n\t\t\t\t<\/div>\n\t\t\t\t<\/div>\n\t\t\t\t\t\t<\/div>\n\t\t\t\t\t<\/div>\n\t\t<\/div>\n\t\t\t\t\t\t\t\t<\/div>\n\t\t\t\t\t<\/div>\n\t\t<\/section>\n\t\t\t\t<section class=\"elementor-section elementor-top-section elementor-element elementor-element-cccd542 elementor-section-boxed elementor-section-height-default elementor-section-height-default\" data-id=\"cccd542\" data-element_type=\"section\">\n\t\t\t\t\t\t<div class=\"elementor-container elementor-column-gap-default\">\n\t\t\t\t\t\t\t<div class=\"elementor-row\">\n\t\t\t\t\t<div class=\"elementor-column elementor-col-100 elementor-top-column elementor-element elementor-element-4d64661\" data-id=\"4d64661\" data-element_type=\"column\">\n\t\t\t<div class=\"elementor-column-wrap elementor-element-populated\">\n\t\t\t\t\t\t\t<div class=\"elementor-widget-wrap\">\n\t\t\t\t\t\t<section class=\"elementor-section elementor-inner-section elementor-element elementor-element-f344b6e elementor-section-boxed elementor-section-height-default elementor-section-height-default\" data-id=\"f344b6e\" data-element_type=\"section\">\n\t\t\t\t\t\t<div class=\"elementor-container elementor-column-gap-default\">\n\t\t\t\t\t\t\t<div class=\"elementor-row\">\n\t\t\t\t\t<div class=\"elementor-column elementor-col-50 elementor-inner-column elementor-element elementor-element-9c653b4\" data-id=\"9c653b4\" data-element_type=\"column\">\n\t\t\t<div class=\"elementor-column-wrap\">\n\t\t\t\t\t\t\t<div class=\"elementor-widget-wrap\">\n\t\t\t\t\t\t\t\t<\/div>\n\t\t\t\t\t<\/div>\n\t\t<\/div>\n\t\t\t\t<div class=\"elementor-column elementor-col-50 elementor-inner-column elementor-element elementor-element-4f941a4\" data-id=\"4f941a4\" data-element_type=\"column\">\n\t\t\t<div class=\"elementor-column-wrap elementor-element-populated\">\n\t\t\t\t\t\t\t<div class=\"elementor-widget-wrap\">\n\t\t\t\t\t\t<div class=\"elementor-element elementor-element-aa90d6f elementor-widget elementor-widget-google_maps\" data-id=\"aa90d6f\" data-element_type=\"widget\" data-widget_type=\"google_maps.default\">\n\t\t\t\t<div class=\"elementor-widget-container\">\n\t\t\t\t\t<div class=\"elementor-custom-embed\">\n\t\t\t<iframe frameborder=\"0\" scrolling=\"no\" marginheight=\"0\" marginwidth=\"0\"\n\t\t\t\t\tsrc=\"https:\/\/maps.google.com\/maps?q=RUA%20FRANCISCO%20LARA%2C%20110%20%E2%80%93%20TEREZA%20CRISTINA%20%20%20S%C3%83O%20JOAQUIM%20DE%20BICAS%20-%20MG&#038;t=m&#038;z=16&#038;output=embed&#038;iwloc=near\"\n\t\t\t\t\ttitle=\"RUA FRANCISCO LARA, 110 \u2013 TEREZA CRISTINA   S\u00c3O JOAQUIM DE BICAS - MG\"\n\t\t\t\t\taria-label=\"RUA FRANCISCO LARA, 110 \u2013 TEREZA CRISTINA   S\u00c3O JOAQUIM DE BICAS - MG\"\n\t\t\t><\/iframe>\n\t\t<\/div>\n\t\t\t\t<\/div>\n\t\t\t\t<\/div>\n\t\t\t\t\t\t<\/div>\n\t\t\t\t\t<\/div>\n\t\t<\/div>\n\t\t\t\t\t\t\t\t<\/div>\n\t\t\t\t\t<\/div>\n\t\t<\/section>\n\t\t\t\t\t\t<\/div>\n\t\t\t\t\t<\/div>\n\t\t<\/div>\n\t\t\t\t\t\t\t\t<\/div>\n\t\t\t\t\t<\/div>\n\t\t<\/section>\n\t\t\t\t<section class=\"elementor-section elementor-top-section elementor-element elementor-element-ab03c71 elementor-section-boxed elementor-section-height-default elementor-section-height-default\" data-id=\"ab03c71\" data-element_type=\"section\">\n\t\t\t\t\t\t<div class=\"elementor-container elementor-column-gap-default\">\n\t\t\t\t\t\t\t<div class=\"elementor-row\">\n\t\t\t\t\t<div class=\"elementor-column elementor-col-33 elementor-top-column elementor-element elementor-element-1be590e\" data-id=\"1be590e\" data-element_type=\"column\">\n\t\t\t<div class=\"elementor-column-wrap elementor-element-populated\">\n\t\t\t\t\t\t\t<div class=\"elementor-widget-wrap\">\n\t\t\t\t\t\t<div class=\"elementor-element elementor-element-6d940f6 elementor-widget elementor-widget-image\" data-id=\"6d940f6\" data-element_type=\"widget\" data-widget_type=\"image.default\">\n\t\t\t\t<div class=\"elementor-widget-container\">\n\t\t\t\t\t\t\t\t<div class=\"elementor-image\">\n\t\t\t\t\t\t\t\t\t\t\t\t<img loading=\"lazy\" decoding=\"async\" width=\"200\" height=\"110\" src=\"https:\/\/wftransportes.com.br\/site\/wp-content\/uploads\/2019\/04\/logo.png\" class=\"attachment-large size-large\" alt=\"\" sizes=\"auto, (max-width: 34.9rem) calc(100vw - 2rem), (max-width: 53rem) calc(8 * (100vw \/ 12)), (min-width: 53rem) calc(6 * (100vw \/ 12)), 100vw\" \/>\t\t\t\t\t\t\t\t\t\t\t\t\t\t<\/div>\n\t\t\t\t\t\t<\/div>\n\t\t\t\t<\/div>\n\t\t\t\t\t\t<\/div>\n\t\t\t\t\t<\/div>\n\t\t<\/div>\n\t\t\t\t<div class=\"elementor-column elementor-col-33 elementor-top-column elementor-element elementor-element-5220ce8\" data-id=\"5220ce8\" data-element_type=\"column\">\n\t\t\t<div class=\"elementor-column-wrap elementor-element-populated\">\n\t\t\t\t\t\t\t<div class=\"elementor-widget-wrap\">\n\t\t\t\t\t\t<div class=\"elementor-element elementor-element-941583d elementor-widget elementor-widget-text-editor\" data-id=\"941583d\" data-element_type=\"widget\" data-widget_type=\"text-editor.default\">\n\t\t\t\t<div class=\"elementor-widget-container\">\n\t\t\t\t\t\t\t\t<div class=\"elementor-text-editor elementor-clearfix\">\n\t\t\t\t<p>EMPRESA REGISTRADA CNPJ: 28.506.371\/0001-69<\/p><p>RUA FRANCISCO LARA, 110 \u2013 TEREZA CRISTINA\u00a0<\/p><p>S\u00c3O JOAQUIM DE BICAS\/MG<\/p><p>TELEFONES: (31) 97352-1295\u00a0<\/p>\t\t\t\t\t<\/div>\n\t\t\t\t\t\t<\/div>\n\t\t\t\t<\/div>\n\t\t\t\t\t\t<\/div>\n\t\t\t\t\t<\/div>\n\t\t<\/div>\n\t\t\t\t<div class=\"elementor-column elementor-col-33 elementor-top-column elementor-element elementor-element-777fe27\" data-id=\"777fe27\" data-element_type=\"column\">\n\t\t\t<div class=\"elementor-column-wrap elementor-element-populated\">\n\t\t\t\t\t\t\t<div class=\"elementor-widget-wrap\">\n\t\t\t\t\t\t<div class=\"elementor-element elementor-element-2c2bbf9 elementor-widget elementor-widget-text-editor\" data-id=\"2c2bbf9\" data-element_type=\"widget\" data-widget_type=\"text-editor.default\">\n\t\t\t\t<div class=\"elementor-widget-container\">\n\t\t\t\t\t\t\t\t<div class=\"elementor-text-editor elementor-clearfix\">\n\t\t\t\tCopyright \u00a9 2019 \u2013 WF Transportes\t\t\t\t\t<\/div>\n\t\t\t\t\t\t<\/div>\n\t\t\t\t<\/div>\n\t\t\t\t\t\t<\/div>\n\t\t\t\t\t<\/div>\n\t\t<\/div>\n\t\t\t\t\t\t\t\t<\/div>\n\t\t\t\t\t<\/div>\n\t\t<\/section>\n\t\t\t\t\t\t<\/div>\n\t\t\t\t\t\t<\/div>\n\t\t\t\t\t<\/div>\n\t\t","protected":false},"excerpt":{"rendered":"<p>Home A Empresa Servi\u00e7os Contato Servi\u00e7os A WF Transportes \u00e9 especialista em transportes de ve\u00edculos e m\u00e1quinas pesadas para todo territ\u00f3rio brasileiro.Transportamos seu ve\u00edculo com o mais alto padr\u00e3o tecnol\u00f3gico, garantia 100% coberta com seguro especializado.Possu\u00edmos P\u00e1tio de armazenagem do ve\u00edculo em translado. \u00a0 Tudo isso para oferecer a voc\u00ea um servi\u00e7o de qualidade e &hellip; <\/p>\n<p class=\"link-more\"><a href=\"https:\/\/wftransportes.com.br\/site\/servicos\/\" class=\"more-link\">Continue lendo<span class=\"screen-reader-text\"> &#8220;Servi\u00e7os&#8221;<\/span><\/a><\/p>\n","protected":false},"author":2,"featured_media":0,"parent":0,"menu_order":0,"comment_status":"closed","ping_status":"closed","template":"elementor_canvas","meta":{"footnotes":""},"class_list":["post-57","page","type-page","status-publish","hentry","entry"],"yoast_head":"<!-- This site is optimized with the Yoast SEO plugin v17.8 - https:\/\/yoast.com\/wordpress\/plugins\/seo\/ -->\n<title>Servi\u00e7os - WF Transportes<\/title>\n<meta name=\"description\" content=\"Servi\u00e7os prestados pela WF Transportes, empresa de transporte de ve\u00edculos e log\u00edstica que atende a todo o territ\u00f3rio nacional. Situada em Betim e S\u00e3o Joaquim de Bicas\" \/>\n<meta name=\"robots\" content=\"index, follow, max-snippet:-1, max-image-preview:large, max-video-preview:-1\" \/>\n<link rel=\"canonical\" href=\"https:\/\/wftransportes.com.br\/site\/servicos\/\" \/>\n<meta property=\"og:locale\" content=\"pt_BR\" \/>\n<meta property=\"og:type\" content=\"article\" \/>\n<meta property=\"og:title\" content=\"Servi\u00e7os - WF Transportes\" \/>\n<meta property=\"og:description\" content=\"Servi\u00e7os prestados pela WF Transportes, empresa de transporte de ve\u00edculos e log\u00edstica que atende a todo o territ\u00f3rio nacional. Situada em Betim e S\u00e3o Joaquim de Bicas\" \/>\n<meta property=\"og:url\" content=\"https:\/\/wftransportes.com.br\/site\/servicos\/\" \/>\n<meta property=\"og:site_name\" content=\"WF Transportes\" \/>\n<meta property=\"article:modified_time\" content=\"2024-08-16T13:41:30+00:00\" \/>\n<meta property=\"og:image\" content=\"http:\/\/wftransportes.com.br\/site\/wp-content\/uploads\/2019\/04\/logo.png\" \/>\n<meta name=\"twitter:card\" content=\"summary_large_image\" \/>\n<meta name=\"twitter:label1\" content=\"Est. tempo de leitura\" \/>\n\t<meta name=\"twitter:data1\" content=\"2 minutos\" \/>\n<script type=\"application\/ld+json\" class=\"yoast-schema-graph\">{\"@context\":\"https:\/\/schema.org\",\"@graph\":[{\"@type\":\"WebSite\",\"@id\":\"https:\/\/wftransportes.com.br\/site\/#website\",\"url\":\"https:\/\/wftransportes.com.br\/site\/\",\"name\":\"WF Transportes\",\"description\":\"\",\"potentialAction\":[{\"@type\":\"SearchAction\",\"target\":{\"@type\":\"EntryPoint\",\"urlTemplate\":\"https:\/\/wftransportes.com.br\/site\/?s={search_term_string}\"},\"query-input\":\"required name=search_term_string\"}],\"inLanguage\":\"pt-BR\"},{\"@type\":\"ImageObject\",\"@id\":\"https:\/\/wftransportes.com.br\/site\/servicos\/#primaryimage\",\"inLanguage\":\"pt-BR\",\"url\":\"http:\/\/wftransportes.com.br\/site\/wp-content\/uploads\/2019\/04\/logo.png\",\"contentUrl\":\"http:\/\/wftransportes.com.br\/site\/wp-content\/uploads\/2019\/04\/logo.png\"},{\"@type\":\"WebPage\",\"@id\":\"https:\/\/wftransportes.com.br\/site\/servicos\/#webpage\",\"url\":\"https:\/\/wftransportes.com.br\/site\/servicos\/\",\"name\":\"Servi\\u00e7os - WF Transportes\",\"isPartOf\":{\"@id\":\"https:\/\/wftransportes.com.br\/site\/#website\"},\"primaryImageOfPage\":{\"@id\":\"https:\/\/wftransportes.com.br\/site\/servicos\/#primaryimage\"},\"datePublished\":\"2019-04-07T15:07:45+00:00\",\"dateModified\":\"2024-08-16T13:41:30+00:00\",\"description\":\"Servi\\u00e7os prestados pela WF Transportes, empresa de transporte de ve\\u00edculos e log\\u00edstica que atende a todo o territ\\u00f3rio nacional. Situada em Betim e S\\u00e3o Joaquim de Bicas\",\"breadcrumb\":{\"@id\":\"https:\/\/wftransportes.com.br\/site\/servicos\/#breadcrumb\"},\"inLanguage\":\"pt-BR\",\"potentialAction\":[{\"@type\":\"ReadAction\",\"target\":[\"https:\/\/wftransportes.com.br\/site\/servicos\/\"]}]},{\"@type\":\"BreadcrumbList\",\"@id\":\"https:\/\/wftransportes.com.br\/site\/servicos\/#breadcrumb\",\"itemListElement\":[{\"@type\":\"ListItem\",\"position\":1,\"name\":\"In\\u00edcio\",\"item\":\"https:\/\/wftransportes.com.br\/site\/\"},{\"@type\":\"ListItem\",\"position\":2,\"name\":\"Servi\\u00e7os\"}]}]}<\/script>\n<!-- \/ Yoast SEO plugin. -->","yoast_head_json":{"title":"Servi\u00e7os - WF Transportes","description":"Servi\u00e7os prestados pela WF Transportes, empresa de transporte de ve\u00edculos e log\u00edstica que atende a todo o territ\u00f3rio nacional. Situada em Betim e S\u00e3o Joaquim de Bicas","robots":{"index":"index","follow":"follow","max-snippet":"max-snippet:-1","max-image-preview":"max-image-preview:large","max-video-preview":"max-video-preview:-1"},"canonical":"https:\/\/wftransportes.com.br\/site\/servicos\/","og_locale":"pt_BR","og_type":"article","og_title":"Servi\u00e7os - WF Transportes","og_description":"Servi\u00e7os prestados pela WF Transportes, empresa de transporte de ve\u00edculos e log\u00edstica que atende a todo o territ\u00f3rio nacional. Situada em Betim e S\u00e3o Joaquim de Bicas","og_url":"https:\/\/wftransportes.com.br\/site\/servicos\/","og_site_name":"WF Transportes","article_modified_time":"2024-08-16T13:41:30+00:00","og_image":[{"url":"http:\/\/wftransportes.com.br\/site\/wp-content\/uploads\/2019\/04\/logo.png"}],"twitter_card":"summary_large_image","twitter_misc":{"Est. tempo de leitura":"2 minutos"},"schema":{"@context":"https:\/\/schema.org","@graph":[{"@type":"WebSite","@id":"https:\/\/wftransportes.com.br\/site\/#website","url":"https:\/\/wftransportes.com.br\/site\/","name":"WF Transportes","description":"","potentialAction":[{"@type":"SearchAction","target":{"@type":"EntryPoint","urlTemplate":"https:\/\/wftransportes.com.br\/site\/?s={search_term_string}"},"query-input":"required name=search_term_string"}],"inLanguage":"pt-BR"},{"@type":"ImageObject","@id":"https:\/\/wftransportes.com.br\/site\/servicos\/#primaryimage","inLanguage":"pt-BR","url":"http:\/\/wftransportes.com.br\/site\/wp-content\/uploads\/2019\/04\/logo.png","contentUrl":"http:\/\/wftransportes.com.br\/site\/wp-content\/uploads\/2019\/04\/logo.png"},{"@type":"WebPage","@id":"https:\/\/wftransportes.com.br\/site\/servicos\/#webpage","url":"https:\/\/wftransportes.com.br\/site\/servicos\/","name":"Servi\u00e7os - WF Transportes","isPartOf":{"@id":"https:\/\/wftransportes.com.br\/site\/#website"},"primaryImageOfPage":{"@id":"https:\/\/wftransportes.com.br\/site\/servicos\/#primaryimage"},"datePublished":"2019-04-07T15:07:45+00:00","dateModified":"2024-08-16T13:41:30+00:00","description":"Servi\u00e7os prestados pela WF Transportes, empresa de transporte de ve\u00edculos e log\u00edstica que atende a todo o territ\u00f3rio nacional. Situada em Betim e S\u00e3o Joaquim de Bicas","breadcrumb":{"@id":"https:\/\/wftransportes.com.br\/site\/servicos\/#breadcrumb"},"inLanguage":"pt-BR","potentialAction":[{"@type":"ReadAction","target":["https:\/\/wftransportes.com.br\/site\/servicos\/"]}]},{"@type":"BreadcrumbList","@id":"https:\/\/wftransportes.com.br\/site\/servicos\/#breadcrumb","itemListElement":[{"@type":"ListItem","position":1,"name":"In\u00edcio","item":"https:\/\/wftransportes.com.br\/site\/"},{"@type":"ListItem","position":2,"name":"Servi\u00e7os"}]}]}},"_links":{"self":[{"href":"https:\/\/wftransportes.com.br\/site\/wp-json\/wp\/v2\/pages\/57","targetHints":{"allow":["GET"]}}],"collection":[{"href":"https:\/\/wftransportes.com.br\/site\/wp-json\/wp\/v2\/pages"}],"about":[{"href":"https:\/\/wftransportes.com.br\/site\/wp-json\/wp\/v2\/types\/page"}],"author":[{"embeddable":true,"href":"https:\/\/wftransportes.com.br\/site\/wp-json\/wp\/v2\/users\/2"}],"replies":[{"embeddable":true,"href":"https:\/\/wftransportes.com.br\/site\/wp-json\/wp\/v2\/comments?post=57"}],"version-history":[{"count":27,"href":"https:\/\/wftransportes.com.br\/site\/wp-json\/wp\/v2\/pages\/57\/revisions"}],"predecessor-version":[{"id":185,"href":"https:\/\/wftransportes.com.br\/site\/wp-json\/wp\/v2\/pages\/57\/revisions\/185"}],"wp:attachment":[{"href":"https:\/\/wftransportes.com.br\/site\/wp-json\/wp\/v2\/media?parent=57"}],"curies":[{"name":"wp","href":"https:\/\/api.w.org\/{rel}","templated":true}]}}